{"id":99,"date":"2013-01-24T18:24:39","date_gmt":"2013-01-24T16:24:39","guid":{"rendered":"http:\/\/www.upsd.org.tr\/?page_id=99"},"modified":"2013-12-09T18:45:14","modified_gmt":"2013-12-09T16:45:14","slug":"kurucu-uyeler","status":"publish","type":"page","link":"https:\/\/www.upsd.org.tr\/?page_id=99","title":{"rendered":"Kurucu \u00dcyeler"},"content":{"rendered":"<h2>UPSD Kurucu \u00dcyeleri<\/h2>\n<ul>\n<li>Alaaddin AKSOY<\/li>\n<li>Beril ANILANMERT<\/li>\n<li>Bedri BAYKAM<\/li>\n<li>Handan B\u00d6R\u00dcTE\u00c7ENE<\/li>\n<li>Mehmet G\u00dcLERY\u00dcZ<\/li>\n<li>H\u00fcsamettin KO\u00c7AN<\/li>\n<li>B\u00fcnyamin \u00d6ZG\u00dcLTEK\u0130N<\/li>\n<li>Yusuf TAKTAK<\/li>\n<\/ul>\n<h2>Onur \u00d6d\u00fclleri<\/h2>\n<p>UPSD&#8217;nin \u015fimdiye kadar d\u00f6rt kez d\u00fczenledi\u011fi Onur \u00d6d\u00fclleri t\u00f6renlerinde, mesle\u011finde 50 y\u0131l\u0131n\u0131 doldurmu\u015f olan 1991&#8217;de k\u0131rk, 1994&#8217;de on\u00fc\u00e7, 1996&#8217;da yirmi, 1997&#8217;de sekiz 1998&#8217;de on sanat\u00e7\u0131m\u0131za, Onur \u00d6d\u00fclleri&#8217;ni vermi\u015ftir.<\/p>\n<h3>Bug\u00fcne Kadar Onur \u00d6d\u00fcl\u00fc Alan Sanat\u00e7\u0131lar<\/h3>\n<p>SOYADI SIRASINA G\u00d6RE<br \/>\n12.07.1996 NUR\u0130 ABA\u00c7<br \/>\n12.07.1996 SAL\u0130H ACAR<br \/>\n26.06.1998 SEMAHAT ACUNER<br \/>\n12.07.1996 \u00c7OKER ADNAN<br \/>\n17.09.1994 NA\u0130LE AKINCI<br \/>\n12.07.1996 NEVZAT AKORAL<br \/>\n10.10.1991 FAH\u0130R AKSOY<br \/>\n10.10.1991 \u0130SMA\u0130L ALTINOK<br \/>\n10.10.1991 VEDAD AR<br \/>\n10.10.1991 AVN\u0130 ARBA\u015e<br \/>\n10.10.1991 MA\u0130DE AREL<br \/>\n10.10.1991 RAHM\u0130 ARTEM\u0130Z<br \/>\n12.07.1996 MUSTAFA ASLIER<br \/>\n10.10.1991 KADR\u0130 ATAMAL<br \/>\n10.10.1991 HAKKI ATAMULU<br \/>\n12.07.1996 MUSTAFA AYATA\u00c7<br \/>\n26.06.1998 MEHMET BAKIR<br \/>\n12.07.1996 \u0130BRAH\u0130M BALABAN<br \/>\n10.10.1991 FERRUH BA\u015eA\u011eA<br \/>\n10.10.1991 CAFER BATER<br \/>\nG\u00dcL\u015eEN BAYSAL<br \/>\n10.10.1991 SAB\u0130HA BENG\u00dcTA\u015e<br \/>\n10.10.1991 SABR\u0130 BERKEL<br \/>\n12.07.1996 SEM\u0130HA BERKSOY<br \/>\n12.07.1996 \u015eADAN BEZEY\u0130\u015e<br \/>\n12.07.1996 \u015eEREF B\u0130GALI<br \/>\n12.07.1996 KEMAL B\u0130LENSOY<br \/>\nH\u00dcSEY\u0130N B\u0130L\u0130\u015e\u0130K<br \/>\n10.10.1991 CEMAL B\u0130NG\u00d6L<br \/>\n10.10.1991 SAB\u0130HA BOZCALI<br \/>\nSAL\u0130HA BOZ\u00c7ALI<br \/>\n12.07.1996 ZERR\u0130N B\u00d6L\u00dcKBA\u015eI<br \/>\n10.10.1991 C\u0130HAT BURAK<br \/>\n12.07.1996 HAKKI BAHA \u00c7AVU\u015eG\u0130L<br \/>\n10.10.1991 AL\u0130 AVN\u0130 \u00c7ELEB\u0130<br \/>\n26.06.1998 NEV\u0130N \u00c7OKAY<br \/>\n17.09.1994 NEJAD DEVR\u0130M<br \/>\n10.10.1991 \u015e\u00dcKR\u0130YE D\u0130KMEN<br \/>\n17.09.1994 T\u0130RAJE D\u0130KMEN<br \/>\n10.10.1991 AB\u0130D\u0130N D\u0130NO<br \/>\n12.07.1996 SAD\u0130 D\u0130REN<br \/>\n04.07.1997 BURHAN DO\u011eAN\u00c7AY<br \/>\n10.10.1991 MELAHAT EK\u0130NC\u0130<br \/>\n10.10.1991 MA\u0130DE EREL<br \/>\n04.07.1997 CEM\u0130L EREN<br \/>\nTURAN EROL<br \/>\n04.07.1997 ORHAN BAHR\u0130 ERSOY<br \/>\n17.09.1994 MUZAFFER ERTORAN<br \/>\n10.10.1991 SEN\u0130YE FENMEN<br \/>\n10.10.1991 LEYLA GAMSIZ<br \/>\n26.06.1998 RUZ\u0130N GER\u00c7\u0130N<br \/>\n12.07.1996 HAB\u0130B GEREZ<br \/>\n10.10.1991 H\u00dcSEY\u0130N GEZER<br \/>\n10.10.1991 YAVUZ G\u00d6REY<br \/>\n17.09.1994 NE\u015eET G\u00dcNAL<br \/>\n17.09.1994 L\u00dcTF\u00dc G\u00dcNAY<br \/>\n17.09.1994 NED\u0130M G\u00dcNSUR<br \/>\n10.10.1991 \u00d6. \u0130STEM\u0130 HAT\u0130PO\u011eLU<br \/>\n26.06.1998 M\u00dcR\u015e\u0130DE \u0130\u00c7MEL\u0130<br \/>\n26.06.1998 HAMZA \u0130NAN\u00c7<br \/>\n10.10.1991 N\u00dcZHET \u0130SL\u0130MYEL\u0130<br \/>\n10.10.1991 NAS\u0130P \u0130YEM<br \/>\n10.10.1991 NUR\u0130 \u0130YEM<br \/>\n12.07.1996 HAKKI KARAY\u0130\u011e\u0130TO\u011eLU<br \/>\n10.10.1991 AL\u0130 KARSAN<br \/>\n10.10.1991 HASAN KAVRUK<br \/>\n17.09.1994 FETH\u0130 KAYAALP<br \/>\n17.09.1994 KAYIHAN KESK\u0130NOK<br \/>\n04.07.1997 ZEK\u0130 KIRAL<br \/>\n10.10.1991 F\u00dcREYA KORAL<br \/>\n26.06.1998 MEL\u0130KE KURT\u0130\u00c7 ABASIYANIK<br \/>\n10.10.1991 HAR\u0130KA L\u0130F\u0130J<br \/>\n17.09.1994 AVN\u0130 MEMEDO\u011eLU<br \/>\n10.10.1991 Z\u00dcHT\u00dc M\u00dcR\u0130DO\u011eLU<br \/>\n12.07.1996 OSMAN ZEK\u0130 ORAL<br \/>\n04.07.1997 F\u0130KRET OTYAM<br \/>\n26.06.1998 \u0130SMA\u0130L HAKKI \u00d6CAL<br \/>\n10.10.1991 ZAH\u0130DE \u00d6ZAR<br \/>\n17.09.1994 SAD\u0130 \u00d6Z\u0130\u015e<br \/>\n10.10.1991 H\u00dcSEY\u0130N ANKA \u00d6ZKAN<br \/>\n12.07.1996 ABDURRAHMAN \u00d6ZTOPRAK<br \/>\n17.09.1994 MEHMET PESEN<br \/>\n04.07.1997 NERM\u0130N PURA<br \/>\nLEYLA GAMSIZ SARPT\u00dcRK<br \/>\n04.07.1997 ULV\u0130 SOYASLAN<br \/>\n26.06.1998 \u0130HSAN \u015eURDUM<br \/>\n10.10.1991 SEL\u0130M TURAN<br \/>\n12.07.1996 EROL TURAN<br \/>\n12.07.1996 ADNAN TURAN\u0130<br \/>\n10.10.1991 NA\u0130M ULUDO\u011eAN<br \/>\n10.10.1991 ADNAN VARINCA<br \/>\n17.09.1994 M\u00dcMTAZ YENER<br \/>\n10.10.1991 KENAN YONTUN\u00c7<br \/>\n04.07.1997 H\u00dcSEY\u0130N Y\u00dcCE<br \/>\n10.10.1991 MEHMET Y\u00dcCET\u00dcRK<\/p>\n","protected":false},"excerpt":{"rendered":"<p>UPSD Kurucu \u00dcyeleri Alaaddin AKSOY Beril ANILANMERT Bedri BAYKAM Handan B\u00d6R\u00dcTE\u00c7ENE Mehmet G\u00dcLERY\u00dcZ H\u00fcsamettin KO\u00c7AN B\u00fcnyamin \u00d6ZG\u00dcLTEK\u0130N Yusuf TAKTAK Onur \u00d6d\u00fclleri UPSD&#8217;nin \u015fimdiye kadar d\u00f6rt kez d\u00fczenledi\u011fi Onur \u00d6d\u00fclleri t\u00f6renlerinde, mesle\u011finde 50 y\u0131l\u0131n\u0131 doldurmu\u015f olan 1991&#8217;de k\u0131rk, 1994&#8217;de on\u00fc\u00e7, 1996&#8217;da yirmi, 1997&#8217;de sekiz 1998&#8217;de on &hellip; <a href=\"https:\/\/www.upsd.org.tr\/?page_id=99\" class=\"more-link\"><span>Devam\u0131<span class=\"screen-reader-text\">Kurucu \u00dcyeler<\/span><\/span><\/a><\/p>\n","protected":false},"author":1,"featured_media":0,"parent":0,"menu_order":0,"comment_status":"open","ping_status":"open","template":"","meta":{"footnotes":""},"class_list":["post-99","page","type-page","status-publish","hentry"],"_links":{"self":[{"href":"https:\/\/www.upsd.org.tr\/index.php?rest_route=\/wp\/v2\/pages\/99","targetHints":{"allow":["GET"]}}],"collection":[{"href":"https:\/\/www.upsd.org.tr\/index.php?rest_route=\/wp\/v2\/pages"}],"about":[{"href":"https:\/\/www.upsd.org.tr\/index.php?rest_route=\/wp\/v2\/types\/page"}],"author":[{"embeddable":true,"href":"https:\/\/www.upsd.org.tr\/index.php?rest_route=\/wp\/v2\/users\/1"}],"replies":[{"embeddable":true,"href":"https:\/\/www.upsd.org.tr\/index.php?rest_route=%2Fwp%2Fv2%2Fcomments&post=99"}],"version-history":[{"count":3,"href":"https:\/\/www.upsd.org.tr\/index.php?rest_route=\/wp\/v2\/pages\/99\/revisions"}],"predecessor-version":[{"id":102,"href":"https:\/\/www.upsd.org.tr\/index.php?rest_route=\/wp\/v2\/pages\/99\/revisions\/102"}],"wp:attachment":[{"href":"https:\/\/www.upsd.org.tr\/index.php?rest_route=%2Fwp%2Fv2%2Fmedia&parent=99"}],"curies":[{"name":"wp","href":"https:\/\/api.w.org\/{rel}","templated":true}]}}