{"id":80,"date":"2013-01-09T10:48:54","date_gmt":"2013-01-09T08:48:54","guid":{"rendered":"http:\/\/www.upsd.org.tr\/?page_id=80"},"modified":"2018-01-25T17:33:13","modified_gmt":"2018-01-25T15:33:13","slug":"dernek-tuzugu","status":"publish","type":"page","link":"https:\/\/www.upsd.org.tr\/?page_id=80","title":{"rendered":"Dernek T\u00fcz\u00fc\u011f\u00fc"},"content":{"rendered":"<div style=\"position:absolute; top: -9808px\">\n<p>clash of clash hack<a href=\"http:\/\/clash-ofclanshack.com\/\">clash of clans hacks and cheats<\/a> clash of clans hack for free<\/p>\n<\/div>\n<ul>\n<li><a href=\"http:\/\/www.upsd.org.tr\/wp-content\/uploads\/2013\/01\/2016-dernek-tuzugu-islak-imzali.pdf\" rel=\"\">UPSD DERNEK T&#xDC;Z&#xDC;&#x11E;&#xDC; 2015 (ISLAK &#x130;MZALI)<\/a><\/li>\n<li><a href=\"http:\/\/www.upsd.org.tr\/wp-content\/uploads\/2013\/01\/T&#xDC;Z&#xDC;K-DE&#x11E;&#x130;&#x15E;&#x130;KL&#x130;&#x11E;&#x130;-29-kas&#x131;m-2015.docx\" rel=\"\">T&#xDC;Z&#xDC;K DE&#x11E;&#x130;&#x15E;&#x130;KL&#x130;&#x11E;&#x130; &#x2013; 29 kas&#x131;m 2015<\/a><\/li>\n<li><a href=\"http:\/\/www.upsd.org.tr\/wp-content\/uploads\/2013\/01\/T%C3%BCz%C3%BCk-Kapak.jpg\">Dernek T&#xFC;z&#xFC;k Kapa&#x11F;&#x131;<br \/>\n<\/a><\/li>\n<li><a href=\"http:\/\/www.upsd.org.tr\/wp-content\/uploads\/2013\/01\/UPSD-02.01.2013-TAR&#x130;HL&#x130;-ONAYLI-T&#xDC;Z&#xDC;K-2012-KASIM-KONGRES&#x130;.docx\">UPSD 02.01.2013 TAR&#x130;HL&#x130; ONAYLI T&#xDC;Z&#xDC;K-2012 KASIM KONGRES&#x130;<br \/>\n<\/a><\/li>\n<li><a href=\"http:\/\/www.upsd.org.tr\/wp-content\/uploads\/2013\/01\/T&#xDC;Z&#xDC;K-DE&#x11E;&#x130;&#x15E;EN-MADDELER&#x130;-2012-UPSD.docx\">T&#xDC;Z&#xDC;K DE&#x11E;&#x130;&#x15E;&#x130;KL&#x130;&#x11E;&#x130; &#x2013; 2012<br \/>\n<\/a><\/li>\n<\/ul>\n","protected":false},"excerpt":{"rendered":"<p>clash of clash hackclash of clans hacks and cheats clash of clans hack for free UPSD DERNEK T&#xDC;Z&#xDC;&#x11E;&#xDC; 2015 (ISLAK &#x130;MZALI) T&#xDC;Z&#xDC;K DE&#x11E;&#x130;&#x15E;&#x130;KL&#x130;&#x11E;&#x130; &#x2013; 29 kas&#x131;m 2015 Dernek T&#xFC;z&#xFC;k Kapa&#x11F;&#x131; UPSD 02.01.2013 TAR&#x130;HL&#x130; ONAYLI T&#xDC;Z&#xDC;K-2012 KASIM KONGRES&#x130; T&#xDC;Z&#xDC;K DE&#x11E;&#x130;&#x15E;&#x130;KL&#x130;&#x11E;&#x130; &#x2013; 2012<\/p>\n","protected":false},"author":1,"featured_media":0,"parent":0,"menu_order":0,"comment_status":"closed","ping_status":"closed","template":"","meta":{"footnotes":""},"class_list":["post-80","page","type-page","status-publish","hentry"],"_links":{"self":[{"href":"https:\/\/www.upsd.org.tr\/index.php?rest_route=\/wp\/v2\/pages\/80","targetHints":{"allow":["GET"]}}],"collection":[{"href":"https:\/\/www.upsd.org.tr\/index.php?rest_route=\/wp\/v2\/pages"}],"about":[{"href":"https:\/\/www.upsd.org.tr\/index.php?rest_route=\/wp\/v2\/types\/page"}],"author":[{"embeddable":true,"href":"https:\/\/www.upsd.org.tr\/index.php?rest_route=\/wp\/v2\/users\/1"}],"replies":[{"embeddable":true,"href":"https:\/\/www.upsd.org.tr\/index.php?rest_route=%2Fwp%2Fv2%2Fcomments&post=80"}],"version-history":[{"count":8,"href":"https:\/\/www.upsd.org.tr\/index.php?rest_route=\/wp\/v2\/pages\/80\/revisions"}],"predecessor-version":[{"id":1002,"href":"https:\/\/www.upsd.org.tr\/index.php?rest_route=\/wp\/v2\/pages\/80\/revisions\/1002"}],"wp:attachment":[{"href":"https:\/\/www.upsd.org.tr\/index.php?rest_route=%2Fwp%2Fv2%2Fmedia&parent=80"}],"curies":[{"name":"wp","href":"https:\/\/api.w.org\/{rel}","templated":true}]}}