{"id":8,"date":"2012-12-09T22:35:47","date_gmt":"2012-12-09T20:35:47","guid":{"rendered":"http:\/\/www.upsd.org.tr\/?page_id=8"},"modified":"2022-04-27T13:33:04","modified_gmt":"2022-04-27T10:33:04","slug":"iletisim","status":"publish","type":"page","link":"https:\/\/www.upsd.org.tr\/?page_id=8","title":{"rendered":"\u0130leti\u015fim"},"content":{"rendered":"<p><strong>Uluslararas\u0131 Plastik Sanatlar Derne\u011fi<br \/><\/strong><span style=\"color: #333333;\">Ma\u00e7ka Demokrasi Park\u0131 Sanat\u00e7\u0131 \u0130\u015flikleri \u015ei\u015fli Evlendirme Dairesi yan\u0131 80220 \u015ei\u015fli \/\u0130stanbul<\/span><\/p>\n<p><span style=\"color: #333333;\">Tel :\u00a00212 247 62 83<\/span><br \/><span style=\"color: #333333;\"> Fax:\u00a00212 247 36 85<\/span><br \/><span style=\"color: #333333;\"> Mobil: 0 533 162 70 05<\/span><\/p>\n<p><span style=\"color: #000080;\">Email:\u00a0\u00a0<\/span>aiap.upsd.tr@gmail.com<br \/><a style=\"color: rgba(0, 0, 0, 0.7); outline: 0px; font-size: 13px; letter-spacing: 0.65px;\" href=\"https:\/\/www.facebook.com\/upsdturkiye\/\"><img loading=\"lazy\" decoding=\"async\" class=\"wp-image-1006 alignleft\" src=\"http:\/\/www.upsd.org.tr\/wp-content\/uploads\/2018\/01\/Facebook.png\" alt=\"\" width=\"81\" height=\"29\" srcset=\"https:\/\/www.upsd.org.tr\/wp-content\/uploads\/2018\/01\/Facebook.png 1280w, https:\/\/www.upsd.org.tr\/wp-content\/uploads\/2018\/01\/Facebook-300x106.png 300w, https:\/\/www.upsd.org.tr\/wp-content\/uploads\/2018\/01\/Facebook-768x271.png 768w, https:\/\/www.upsd.org.tr\/wp-content\/uploads\/2018\/01\/Facebook-680x240.png 680w\" sizes=\"auto, (max-width: 81px) 100vw, 81px\" \/><\/a><span style=\"font-size: 13px; letter-spacing: 0.65px; color: #808080;\"><span style=\"color: #333333;\">AIAP UPSD Resmi Web Sitesi Y\u00f6neticisi:<\/span>\u00a0<\/span><strong><a style=\"font-size: 13px; letter-spacing: 0.65px;\" href=\"http:\/\/sencersari.com\/wrd\/?page_id=29\">Sencer Sar\u0131 <\/a><\/strong><\/p>\n<p><strong>Derne\u011fimiz;<\/strong><br \/><span style=\"color: #333333;\">Cumartesi \/ Pazar hari\u00e7 her g\u00fcn 13:00-17:00 aras\u0131nda a\u00e7\u0131kt\u0131r.<\/span><br \/><span style=\"color: #333333;\"> Dernek Sorumlusu: <em><strong>\u015eeng\u00fcl K\u0131rca<\/strong><\/em>&#8216;d\u0131r<\/span><br \/><span style=\"color: #333333;\"> Resmi tatil ve bayramlarda kapal\u0131d\u0131r.<\/span><\/p>\n<h6 style=\"text-align: left;\"><iframe loading=\"lazy\" src=\"http:\/\/maps.google.com\/maps?f=d&amp;source=s_d&amp;saddr=&amp;daddr=41.042495,28.992083&amp;hl=tr&amp;geocode=&amp;sll=41.042948,28.991718&amp;sspn=0.003475,0.006968&amp;gl=tr&amp;mra=mift&amp;mrsp=1&amp;sz=18&amp;ie=UTF8&amp;ll=41.042948,28.991718&amp;spn=0.003475,0.006968&amp;t=m&amp;output=embed\" width=\"425\" height=\"350\" frameborder=\"0\" marginwidth=\"0\" marginheight=\"0\" scrolling=\"no\"><\/iframe><br \/><small><a style=\"color: #0000ff; text-align: left;\" href=\"http:\/\/maps.google.com\/maps?f=d&amp;source=embed&amp;saddr=&amp;daddr=41.042495,28.992083&amp;hl=tr&amp;geocode=&amp;sll=41.042948,28.991718&amp;sspn=0.003475,0.006968&amp;gl=tr&amp;mra=mift&amp;mrsp=1&amp;sz=18&amp;ie=UTF8&amp;ll=41.042948,28.991718&amp;spn=0.003475,0.006968&amp;t=m\">Daha B\u00fcy\u00fck G\u00f6r\u00fcnt\u00fcle<\/a><br \/><\/small><\/h6>\n<h6 style=\"text-align: center;\"><small><br \/><\/small><br \/><small><\/small><\/h6>\n<p><!-- irc_chat --><\/p>\n\n\n<p><\/p>\n","protected":false},"excerpt":{"rendered":"<p>Uluslararas\u0131 Plastik Sanatlar Derne\u011fiMa\u00e7ka Demokrasi Park\u0131 Sanat\u00e7\u0131 \u0130\u015flikleri \u015ei\u015fli Evlendirme Dairesi yan\u0131 80220 \u015ei\u015fli \/\u0130stanbul Tel :\u00a00212 247 62 83 Fax:\u00a00212 247 36 85 Mobil: 0 533 162 70 05 Email:\u00a0\u00a0aiap.upsd.tr@gmail.comAIAP UPSD Resmi Web Sitesi Y\u00f6neticisi:\u00a0Sencer Sar\u0131 Derne\u011fimiz;Cumartesi \/ Pazar hari\u00e7 her g\u00fcn 13:00-17:00 aras\u0131nda &hellip; <a href=\"https:\/\/www.upsd.org.tr\/?page_id=8\" class=\"more-link\"><span>Devam\u0131<span class=\"screen-reader-text\">\u0130leti\u015fim<\/span><\/span><\/a><\/p>\n","protected":false},"author":1,"featured_media":0,"parent":0,"menu_order":0,"comment_status":"closed","ping_status":"closed","template":"","meta":{"footnotes":""},"class_list":["post-8","page","type-page","status-publish","hentry"],"_links":{"self":[{"href":"https:\/\/www.upsd.org.tr\/index.php?rest_route=\/wp\/v2\/pages\/8","targetHints":{"allow":["GET"]}}],"collection":[{"href":"https:\/\/www.upsd.org.tr\/index.php?rest_route=\/wp\/v2\/pages"}],"about":[{"href":"https:\/\/www.upsd.org.tr\/index.php?rest_route=\/wp\/v2\/types\/page"}],"author":[{"embeddable":true,"href":"https:\/\/www.upsd.org.tr\/index.php?rest_route=\/wp\/v2\/users\/1"}],"replies":[{"embeddable":true,"href":"https:\/\/www.upsd.org.tr\/index.php?rest_route=%2Fwp%2Fv2%2Fcomments&post=8"}],"version-history":[{"count":28,"href":"https:\/\/www.upsd.org.tr\/index.php?rest_route=\/wp\/v2\/pages\/8\/revisions"}],"predecessor-version":[{"id":1472,"href":"https:\/\/www.upsd.org.tr\/index.php?rest_route=\/wp\/v2\/pages\/8\/revisions\/1472"}],"wp:attachment":[{"href":"https:\/\/www.upsd.org.tr\/index.php?rest_route=%2Fwp%2Fv2%2Fmedia&parent=8"}],"curies":[{"name":"wp","href":"https:\/\/api.w.org\/{rel}","templated":true}]}}