{"id":1172,"date":"2018-12-04T15:43:29","date_gmt":"2018-12-04T12:43:29","guid":{"rendered":"http:\/\/www.upsd.org.tr\/?page_id=1172"},"modified":"2019-03-16T12:00:39","modified_gmt":"2019-03-16T09:00:39","slug":"epiveron","status":"publish","type":"page","link":"https:\/\/www.upsd.org.tr\/?page_id=1172","title":{"rendered":"EPIVERON"},"content":{"rendered":"<p><a href=\"http:\/\/www.upsd.org.tr\/wp-content\/uploads\/2018\/12\/epiveron-intro.pdf\">ABOUT EPIVERON<\/a><\/p>\n<p><a href=\"http:\/\/www.upsd.org.tr\/wp-content\/uploads\/2018\/12\/epiveron-giris-metni-.pdf\">EPIVERON NED\u0130R ?<\/a><\/p>\n<p><a href=\"http:\/\/www.upsd.org.tr\/wp-content\/uploads\/2019\/03\/YEN\u0130-EPI\u0307VERON-2019.docx\">EPIVERON FORM ( T\u00fcrk\u00e7e)<\/a><\/p>\n<p><a href=\"http:\/\/www.upsd.org.tr\/wp-content\/uploads\/2018\/12\/EP\u0130VERON-ENG.docx\">EPIVERON FORM ( English)<\/a><\/p>\n","protected":false},"excerpt":{"rendered":"<p>ABOUT EPIVERON EPIVERON NED\u0130R ? EPIVERON FORM ( T\u00fcrk\u00e7e) EPIVERON FORM ( English)<\/p>\n","protected":false},"author":1,"featured_media":0,"parent":0,"menu_order":0,"comment_status":"closed","ping_status":"closed","template":"","meta":{"footnotes":""},"class_list":["post-1172","page","type-page","status-publish","hentry"],"_links":{"self":[{"href":"https:\/\/www.upsd.org.tr\/index.php?rest_route=\/wp\/v2\/pages\/1172","targetHints":{"allow":["GET"]}}],"collection":[{"href":"https:\/\/www.upsd.org.tr\/index.php?rest_route=\/wp\/v2\/pages"}],"about":[{"href":"https:\/\/www.upsd.org.tr\/index.php?rest_route=\/wp\/v2\/types\/page"}],"author":[{"embeddable":true,"href":"https:\/\/www.upsd.org.tr\/index.php?rest_route=\/wp\/v2\/users\/1"}],"replies":[{"embeddable":true,"href":"https:\/\/www.upsd.org.tr\/index.php?rest_route=%2Fwp%2Fv2%2Fcomments&post=1172"}],"version-history":[{"count":6,"href":"https:\/\/www.upsd.org.tr\/index.php?rest_route=\/wp\/v2\/pages\/1172\/revisions"}],"predecessor-version":[{"id":1337,"href":"https:\/\/www.upsd.org.tr\/index.php?rest_route=\/wp\/v2\/pages\/1172\/revisions\/1337"}],"wp:attachment":[{"href":"https:\/\/www.upsd.org.tr\/index.php?rest_route=%2Fwp%2Fv2%2Fmedia&parent=1172"}],"curies":[{"name":"wp","href":"https:\/\/api.w.org\/{rel}","templated":true}]}}